{"id":750,"date":"2022-04-07T11:36:51","date_gmt":"2022-04-07T11:36:51","guid":{"rendered":"https:\/\/lasalsadecuba.com\/?page_id=750"},"modified":"2023-11-20T13:13:21","modified_gmt":"2023-11-20T13:13:21","slug":"fotosyvideos","status":"publish","type":"page","link":"https:\/\/lasalsadecuba.com\/eus\/fotosyvideos\/","title":{"rendered":"fotosyvideos"},"content":{"rendered":"<p>[et_pb_section fb_built=&#8221;1&#8243; _builder_version=&#8221;4.16&#8243; _module_preset=&#8221;default&#8221; global_colors_info=&#8221;{}&#8221;][et_pb_row _builder_version=&#8221;4.16&#8243; _module_preset=&#8221;default&#8221; global_colors_info=&#8221;{}&#8221;][et_pb_column type=&#8221;4_4&#8243; _builder_version=&#8221;4.16&#8243; _module_preset=&#8221;default&#8221; global_colors_info=&#8221;{}&#8221;][et_pb_blurb image=&#8221;https:\/\/lasalsadecuba.com\/wp-content\/uploads\/2023\/09\/logo-color-sin-fondo.png&#8221; alt=&#8221;A lo cubano&#8221; _builder_version=&#8221;4.22.1&#8243; _module_preset=&#8221;default&#8221; global_colors_info=&#8221;{}&#8221;]<\/p>\n<p><span style=\"font-size: x-large;\">\u00a0 \u00a0 \u00a0SE FORM\u00d3 LA GOZADERA.<\/span><\/p>\n<p><span style=\"font-size: x-large;\"><\/span><\/p>\n<p><span style=\"font-size: x-large;\"><\/span><\/p>\n<h4>Pincha en la foto para acceder a la p\u00e1gina de facebook donde podr\u00e1s ver las\u00a0 im\u00e1genes y videos de nuestros eventos<\/h4>\n<h4><\/h4>\n<p>[\/et_pb_blurb][et_pb_blurb url=&#8221;https:\/\/www.facebook.com\/alocubanodominicano&#8221; url_new_window=&#8221;on&#8221; image=&#8221;https:\/\/lasalsadecuba.com\/wp-content\/uploads\/2022\/04\/a-lo-cubano-web.jpg&#8221; alt=&#8221;fotos a lo cubano&#8221; _builder_version=&#8221;4.20.2&#8243; _module_preset=&#8221;default&#8221; custom_margin=&#8221;||35px|||&#8221; custom_padding=&#8221;||2px|||&#8221; link_option_url=&#8221;https:\/\/www.facebook.com\/alocubanodominicano&#8221; link_option_url_new_window=&#8221;on&#8221; global_colors_info=&#8221;{}&#8221;][\/et_pb_blurb][et_pb_blurb title=&#8221;Si prefieres ver las imagenes en instagram pincha en esta otra foto.&#8221; _builder_version=&#8221;4.23.1&#8243; _module_preset=&#8221;default&#8221; hover_enabled=&#8221;0&#8243; sticky_enabled=&#8221;0&#8243;][\/et_pb_blurb][et_pb_blurb url=&#8221;https:\/\/www.instagram.com\/alocubanodominicano\/&#8221; url_new_window=&#8221;on&#8221; image=&#8221;https:\/\/lasalsadecuba.com\/wp-content\/uploads\/2023\/11\/WhatsApp-Image-2023-11-20-at-14.11.06.jpeg&#8221; alt=&#8221;fotos a lo cubano&#8221; _builder_version=&#8221;4.23.1&#8243; _module_preset=&#8221;default&#8221; custom_margin=&#8221;||35px|||&#8221; custom_padding=&#8221;||2px|||&#8221; link_option_url=&#8221;https:\/\/www.instagram.com\/alocubanodominicano\/&#8221; link_option_url_new_window=&#8221;on&#8221; hover_enabled=&#8221;0&#8243; global_colors_info=&#8221;{}&#8221; title_text=&#8221;WhatsApp Image 2023-11-20 at 14.11.06&#8243; sticky_enabled=&#8221;0&#8243;][\/et_pb_blurb][et_pb_divider _builder_version=&#8221;4.16.1&#8243; _module_preset=&#8221;default&#8221; min_height=&#8221;11.8px&#8221; global_colors_info=&#8221;{}&#8221;][\/et_pb_divider][\/et_pb_column][\/et_pb_row][\/et_pb_section]<\/p>\n","protected":false},"excerpt":{"rendered":"<p>\u00a0 \u00a0 \u00a0SE FORM\u00d3 LA GOZADERA. Pincha en la foto para acceder a la p\u00e1gina de facebook donde podr\u00e1s ver las\u00a0 im\u00e1genes y videos de nuestros eventos<\/p>","protected":false},"author":1,"featured_media":0,"parent":0,"menu_order":0,"comment_status":"closed","ping_status":"closed","template":"","meta":{"nf_dc_page":"","_et_pb_use_builder":"on","_et_pb_old_content":"","_et_gb_content_width":"","_joinchat":[],"footnotes":""},"class_list":["post-750","page","type-page","status-publish","hentry"],"yoast_head":"<!-- This site is optimized with the Yoast SEO plugin v27.4 - https:\/\/yoast.com\/product\/yoast-seo-wordpress\/ -->\n<title>fotosyvideos - La salsa de Cuba<\/title>\n<meta name=\"robots\" content=\"index, follow, max-snippet:-1, max-image-preview:large, max-video-preview:-1\" \/>\n<link rel=\"canonical\" href=\"https:\/\/lasalsadecuba.com\/eus\/fotosyvideos\/\" \/>\n<meta property=\"og:locale\" content=\"en_US\" \/>\n<meta property=\"og:type\" content=\"article\" \/>\n<meta property=\"og:title\" content=\"fotosyvideos - La salsa de Cuba\" \/>\n<meta property=\"og:description\" content=\"\u00a0 \u00a0 \u00a0SE FORM\u00d3 LA GOZADERA. Pincha en la foto para acceder a la p\u00e1gina de facebook donde podr\u00e1s ver las\u00a0 im\u00e1genes y videos de nuestros eventos\" \/>\n<meta property=\"og:url\" content=\"https:\/\/lasalsadecuba.com\/eus\/fotosyvideos\/\" \/>\n<meta property=\"og:site_name\" content=\"La salsa de Cuba\" \/>\n<meta property=\"article:modified_time\" content=\"2023-11-20T13:13:21+00:00\" \/>\n<meta name=\"twitter:card\" content=\"summary_large_image\" \/>\n<meta name=\"twitter:label1\" content=\"Est. reading time\" \/>\n\t<meta name=\"twitter:data1\" content=\"1 minutua\" \/>\n<script type=\"application\/ld+json\" class=\"yoast-schema-graph\">{\"@context\":\"https:\\\/\\\/schema.org\",\"@graph\":[{\"@type\":\"WebPage\",\"@id\":\"https:\\\/\\\/lasalsadecuba.com\\\/fotosyvideos\\\/\",\"url\":\"https:\\\/\\\/lasalsadecuba.com\\\/fotosyvideos\\\/\",\"name\":\"fotosyvideos - La salsa de Cuba\",\"isPartOf\":{\"@id\":\"https:\\\/\\\/lasalsadecuba.com\\\/#website\"},\"datePublished\":\"2022-04-07T11:36:51+00:00\",\"dateModified\":\"2023-11-20T13:13:21+00:00\",\"breadcrumb\":{\"@id\":\"https:\\\/\\\/lasalsadecuba.com\\\/fotosyvideos\\\/#breadcrumb\"},\"inLanguage\":\"eu\",\"potentialAction\":[{\"@type\":\"ReadAction\",\"target\":[\"https:\\\/\\\/lasalsadecuba.com\\\/fotosyvideos\\\/\"]}]},{\"@type\":\"BreadcrumbList\",\"@id\":\"https:\\\/\\\/lasalsadecuba.com\\\/fotosyvideos\\\/#breadcrumb\",\"itemListElement\":[{\"@type\":\"ListItem\",\"position\":1,\"name\":\"Portada\",\"item\":\"https:\\\/\\\/lasalsadecuba.com\\\/\"},{\"@type\":\"ListItem\",\"position\":2,\"name\":\"fotosyvideos\"}]},{\"@type\":\"WebSite\",\"@id\":\"https:\\\/\\\/lasalsadecuba.com\\\/#website\",\"url\":\"https:\\\/\\\/lasalsadecuba.com\\\/\",\"name\":\"La salsa de Cuba\",\"description\":\"Ernesto Miari, La salsa de Cuba. La web que te trae la cuban\u00eda.\",\"publisher\":{\"@id\":\"https:\\\/\\\/lasalsadecuba.com\\\/#organization\"},\"potentialAction\":[{\"@type\":\"SearchAction\",\"target\":{\"@type\":\"EntryPoint\",\"urlTemplate\":\"https:\\\/\\\/lasalsadecuba.com\\\/?s={search_term_string}\"},\"query-input\":{\"@type\":\"PropertyValueSpecification\",\"valueRequired\":true,\"valueName\":\"search_term_string\"}}],\"inLanguage\":\"eu\"},{\"@type\":\"Organization\",\"@id\":\"https:\\\/\\\/lasalsadecuba.com\\\/#organization\",\"name\":\"La salsa de Cuba\",\"url\":\"https:\\\/\\\/lasalsadecuba.com\\\/\",\"logo\":{\"@type\":\"ImageObject\",\"inLanguage\":\"eu\",\"@id\":\"https:\\\/\\\/lasalsadecuba.com\\\/#\\\/schema\\\/logo\\\/image\\\/\",\"url\":\"https:\\\/\\\/lasalsadecuba.com\\\/wp-content\\\/uploads\\\/2022\\\/04\\\/logo.png\",\"contentUrl\":\"https:\\\/\\\/lasalsadecuba.com\\\/wp-content\\\/uploads\\\/2022\\\/04\\\/logo.png\",\"width\":960,\"height\":1088,\"caption\":\"La salsa de Cuba\"},\"image\":{\"@id\":\"https:\\\/\\\/lasalsadecuba.com\\\/#\\\/schema\\\/logo\\\/image\\\/\"}}]}<\/script>\n<!-- \/ Yoast SEO plugin. -->","yoast_head_json":{"title":"fotosyvideos - La salsa de Cuba","robots":{"index":"index","follow":"follow","max-snippet":"max-snippet:-1","max-image-preview":"max-image-preview:large","max-video-preview":"max-video-preview:-1"},"canonical":"https:\/\/lasalsadecuba.com\/eus\/fotosyvideos\/","og_locale":"en_US","og_type":"article","og_title":"fotosyvideos - La salsa de Cuba","og_description":"\u00a0 \u00a0 \u00a0SE FORM\u00d3 LA GOZADERA. Pincha en la foto para acceder a la p\u00e1gina de facebook donde podr\u00e1s ver las\u00a0 im\u00e1genes y videos de nuestros eventos","og_url":"https:\/\/lasalsadecuba.com\/eus\/fotosyvideos\/","og_site_name":"La salsa de Cuba","article_modified_time":"2023-11-20T13:13:21+00:00","twitter_card":"summary_large_image","twitter_misc":{"Est. reading time":"1 minutua"},"schema":{"@context":"https:\/\/schema.org","@graph":[{"@type":"WebPage","@id":"https:\/\/lasalsadecuba.com\/fotosyvideos\/","url":"https:\/\/lasalsadecuba.com\/fotosyvideos\/","name":"fotosyvideos - La salsa de Cuba","isPartOf":{"@id":"https:\/\/lasalsadecuba.com\/#website"},"datePublished":"2022-04-07T11:36:51+00:00","dateModified":"2023-11-20T13:13:21+00:00","breadcrumb":{"@id":"https:\/\/lasalsadecuba.com\/fotosyvideos\/#breadcrumb"},"inLanguage":"eu","potentialAction":[{"@type":"ReadAction","target":["https:\/\/lasalsadecuba.com\/fotosyvideos\/"]}]},{"@type":"BreadcrumbList","@id":"https:\/\/lasalsadecuba.com\/fotosyvideos\/#breadcrumb","itemListElement":[{"@type":"ListItem","position":1,"name":"Portada","item":"https:\/\/lasalsadecuba.com\/"},{"@type":"ListItem","position":2,"name":"fotosyvideos"}]},{"@type":"WebSite","@id":"https:\/\/lasalsadecuba.com\/#website","url":"https:\/\/lasalsadecuba.com\/","name":"La salsa de Cuba","description":"Ernesto Miari, La salsa de Cuba. La web que te trae la cuban\u00eda.","publisher":{"@id":"https:\/\/lasalsadecuba.com\/#organization"},"potentialAction":[{"@type":"SearchAction","target":{"@type":"EntryPoint","urlTemplate":"https:\/\/lasalsadecuba.com\/?s={search_term_string}"},"query-input":{"@type":"PropertyValueSpecification","valueRequired":true,"valueName":"search_term_string"}}],"inLanguage":"eu"},{"@type":"Organization","@id":"https:\/\/lasalsadecuba.com\/#organization","name":"La salsa de Cuba","url":"https:\/\/lasalsadecuba.com\/","logo":{"@type":"ImageObject","inLanguage":"eu","@id":"https:\/\/lasalsadecuba.com\/#\/schema\/logo\/image\/","url":"https:\/\/lasalsadecuba.com\/wp-content\/uploads\/2022\/04\/logo.png","contentUrl":"https:\/\/lasalsadecuba.com\/wp-content\/uploads\/2022\/04\/logo.png","width":960,"height":1088,"caption":"La salsa de Cuba"},"image":{"@id":"https:\/\/lasalsadecuba.com\/#\/schema\/logo\/image\/"}}]}},"_links":{"self":[{"href":"https:\/\/lasalsadecuba.com\/eus\/wp-json\/wp\/v2\/pages\/750","targetHints":{"allow":["GET"]}}],"collection":[{"href":"https:\/\/lasalsadecuba.com\/eus\/wp-json\/wp\/v2\/pages"}],"about":[{"href":"https:\/\/lasalsadecuba.com\/eus\/wp-json\/wp\/v2\/types\/page"}],"author":[{"embeddable":true,"href":"https:\/\/lasalsadecuba.com\/eus\/wp-json\/wp\/v2\/users\/1"}],"replies":[{"embeddable":true,"href":"https:\/\/lasalsadecuba.com\/eus\/wp-json\/wp\/v2\/comments?post=750"}],"version-history":[{"count":5,"href":"https:\/\/lasalsadecuba.com\/eus\/wp-json\/wp\/v2\/pages\/750\/revisions"}],"predecessor-version":[{"id":1096,"href":"https:\/\/lasalsadecuba.com\/eus\/wp-json\/wp\/v2\/pages\/750\/revisions\/1096"}],"wp:attachment":[{"href":"https:\/\/lasalsadecuba.com\/eus\/wp-json\/wp\/v2\/media?parent=750"}],"curies":[{"name":"wp","href":"https:\/\/api.w.org\/{rel}","templated":true}]}}