{"id":968,"date":"2023-03-27T08:22:59","date_gmt":"2023-03-27T08:22:59","guid":{"rendered":"https:\/\/lasalsadecuba.com\/?page_id=968"},"modified":"2025-11-20T13:12:57","modified_gmt":"2025-11-20T13:12:57","slug":"informacionalocubano","status":"publish","type":"page","link":"https:\/\/lasalsadecuba.com\/eus\/informacionalocubano\/","title":{"rendered":"informacionalocubano"},"content":{"rendered":"<p>[et_pb_section fb_built=&#8221;1&#8243; _builder_version=&#8221;4.16&#8243; _module_preset=&#8221;default&#8221; global_colors_info=&#8221;{}&#8221;][et_pb_row _builder_version=&#8221;4.16&#8243; _module_preset=&#8221;default&#8221; global_colors_info=&#8221;{}&#8221;][et_pb_column type=&#8221;4_4&#8243; _builder_version=&#8221;4.16&#8243; _module_preset=&#8221;default&#8221; global_colors_info=&#8221;{}&#8221;][et_pb_blurb image=&#8221;https:\/\/lasalsadecuba.com\/wp-content\/uploads\/2023\/09\/logo-color-sin-fondo.png&#8221; alt=&#8221;A lo cubano&#8221; _builder_version=&#8221;4.22.1&#8243; _module_preset=&#8221;default&#8221; global_colors_info=&#8221;{}&#8221;]<\/p>\n<p><span style=\"font-size: x-large;\">SE FORM\u00d3 LA GOZADERA.<\/span><\/p>\n<h4><\/h4>\n<h3><strong>Aqu\u00ed les presentamos\u00a0 la informaci\u00f3n detallada de nuestro 8vo congreso del 13 al 15 de noviembre de 2026, cualquier duda p\u00f3ngase en contacto con nosotros en el tel\u00e9fono 678 638 445<\/strong><\/h3>\n<h4><\/h4>\n<p>[\/et_pb_blurb][\/et_pb_column][\/et_pb_row][et_pb_row _builder_version=&#8221;4.19.5&#8243; _module_preset=&#8221;default&#8221; global_colors_info=&#8221;{}&#8221;][et_pb_column type=&#8221;4_4&#8243; _builder_version=&#8221;4.19.5&#8243; _module_preset=&#8221;default&#8221; global_colors_info=&#8221;{}&#8221;][et_pb_text _builder_version=&#8221;4.20.2&#8243; _module_preset=&#8221;default&#8221; global_colors_info=&#8221;{}&#8221;]<\/p>\n<h2>Viernes 13 de noviembre.<\/h2>\n<p>&nbsp;<\/p>\n<h3>\ud83c\udfe0Llegada y Check in en el hotel Liber Spa de Noja.<\/h3>\n<h3>El check in se realizar\u00e1 el viernes a partir de las 14:00. En el mismo check in les dar\u00e1n las pulseras de acceso al congreso y a las comidas y cenas&#8230; Esta pulsera la tienen que conservar durante todo el congreso. Quienes no tienen reserva de hotel deben pasar por la mesa de informaci\u00f3n en la misma recepci\u00f3n para recoger la pulsera correspondiente a partir de las 16:30. En recepci\u00f3n les dir\u00e1n en que turno de comidas y cenas les corresponde ( deben respetar estos turnos para poder hacer las comidas de manera organizada)<\/h3>\n<h3>Los talleres comienzan a las 5 de la tarde, estos se dividen por niveles que ser\u00e1n respetados, pedimos por favor que los asistentes elijan los talleres seg\u00fan su nivel. A las 20 Horas nos reuniremos todos en el Hall del Hotel para las animaciones de fin de talleres con todos los profesores.<\/h3>\n<h3>A las 23:00 horas comenzar\u00e1 la fiesta y justo con ese comienzo tendremos una sesi\u00f3n de 45 min de fotos de nuestro fot\u00f3grafo en el photocall de la entrada del hotel. Las fotos del evento estar\u00e1n todas publicadas en la p\u00e1gina de facebook del mismo. Durante la fiesta tendremos animaciones de los profes y ruedas. El c\u00f3digo de vestimenta para la fiesta del viernes es blanco, rojo y azul, en cualquiera de sus combinaciones (no es obligatorio pero si recomendable).<\/h3>\n<h3>https:\/\/www.facebook.com\/alocubanodominicano<\/h3>\n<p>[\/et_pb_text][\/et_pb_column][\/et_pb_row][et_pb_row _builder_version=&#8221;4.19.5&#8243; _module_preset=&#8221;default&#8221; global_colors_info=&#8221;{}&#8221;][et_pb_column type=&#8221;4_4&#8243; _builder_version=&#8221;4.19.5&#8243; _module_preset=&#8221;default&#8221; global_colors_info=&#8221;{}&#8221;][et_pb_divider _builder_version=&#8221;4.20.2&#8243; _module_preset=&#8221;default&#8221; global_colors_info=&#8221;{}&#8221;][\/et_pb_divider][\/et_pb_column][\/et_pb_row][et_pb_row _builder_version=&#8221;4.20.2&#8243; _module_preset=&#8221;default&#8221; global_colors_info=&#8221;{}&#8221;][et_pb_column type=&#8221;4_4&#8243; _builder_version=&#8221;4.20.2&#8243; _module_preset=&#8221;default&#8221; global_colors_info=&#8221;{}&#8221;][et_pb_text _builder_version=&#8221;4.20.2&#8243; _module_preset=&#8221;default&#8221; custom_padding=&#8221;0px|||||&#8221; global_colors_info=&#8221;{}&#8221;]<\/p>\n<h2>S\u00e1bado 14 de noviembre<\/h2>\n<h2><\/h2>\n<h3><\/h3>\n<h3>\ud83c\udfe0Llegada y Check in en el hotel Liber Spa de Noja.<\/h3>\n<h3>Para quienes tienen hotel solo s\u00e1bado el check in se realizar\u00e1 a partir de las 14:00. En el mismo check in les dar\u00e1n las pulseras de acceso al congreso y a las comidas y cenas&#8230; Esta pulsera la tienen que conservar durante todo el congreso. Quienes no tienen reserva de hotel deben pasar por la mesa de informaci\u00f3n en la misma recepci\u00f3n para recoger la pulsera correspondiente. En recepci\u00f3n les dir\u00e1n en que turno de comidas y cenas les corresponde ( deben respetar estos turnos para poder hacer las comidas de manera organizada)<\/h3>\n<h3>Los talleres comienzan a las 11 de la ma\u00f1ana, estos se dividen por niveles que ser\u00e1n respetados, pedimos por favor que los asistentes elijan los talleres seg\u00fan su nivel. A las 20 Horas nos reuniremos todos en el Hall del hotel para las animaciones de fin de talleres con todos los profesores.<\/h3>\n<h3>Antes de los talleres de la tarde ( sobre las 16:00) tendremos una fiesta de sobremesa con los profes ( seg\u00fan qu\u00e9 tiempo haga se har\u00e1 en la piscina o en la recepci\u00f3n del hotel). Tendremos animaciones, chistes y bailes entre mucho legendario.<\/h3>\n<h3>A las 23:00 horas comenzar\u00e1 la fiesta y justo con ese comienzo tendremos una sesi\u00f3n de 45 min de fotos de nuestro fot\u00f3grafo en el photocall de la entrada del hotel. Las fotos del evento estar\u00e1n todas publicadas en la p\u00e1gina de facebook del mismo. Durante la fiesta tendremos animaciones de los profes, sorpresas y ruedas. El c\u00f3digo de vestimenta para la fiesta del s\u00e1bado es ropa de gala.<\/h3>\n<h3>Las habitaciones del hotel deber\u00e1n ser entregadas a m\u00e1s tardar a las 12:00 horas del domingo.<\/h3>\n<h3>Esperamos que esta informaci\u00f3n haya sido de su inter\u00e9s, para cualquier consulta no duden en contactarnos en el tel\u00e9fono 678 63 84 45.<\/h3>\n<h3>Ernesto Miari, organizador del congreso A lo cubano y director de la Academia La salsa de Cuba.<\/h3>\n<p>[\/et_pb_text][\/et_pb_column][\/et_pb_row][\/et_pb_section]<\/p>\n","protected":false},"excerpt":{"rendered":"<p>SE FORM\u00d3 LA GOZADERA. Aqu\u00ed les presentamos\u00a0 la informaci\u00f3n detallada de nuestro 8vo congreso del 13 al 15 de noviembre de 2026, cualquier duda p\u00f3ngase en contacto con nosotros en el tel\u00e9fono 678 638 445 Viernes 13 de noviembre. &nbsp; \ud83c\udfe0Llegada y Check in en el hotel Liber Spa de Noja. El check in se [&hellip;]<\/p>\n","protected":false},"author":1,"featured_media":0,"parent":0,"menu_order":0,"comment_status":"closed","ping_status":"closed","template":"","meta":{"nf_dc_page":"","_et_pb_use_builder":"on","_et_pb_old_content":"","_et_gb_content_width":"","_joinchat":[],"footnotes":""},"class_list":["post-968","page","type-page","status-publish","hentry"],"yoast_head":"<!-- This site is optimized with the Yoast SEO plugin v27.4 - https:\/\/yoast.com\/product\/yoast-seo-wordpress\/ -->\n<title>informacionalocubano - La salsa de Cuba<\/title>\n<meta name=\"robots\" content=\"index, follow, max-snippet:-1, max-image-preview:large, max-video-preview:-1\" \/>\n<link rel=\"canonical\" href=\"https:\/\/lasalsadecuba.com\/eus\/informacionalocubano\/\" \/>\n<meta property=\"og:locale\" content=\"en_US\" \/>\n<meta property=\"og:type\" content=\"article\" \/>\n<meta property=\"og:title\" content=\"informacionalocubano - La salsa de Cuba\" \/>\n<meta property=\"og:description\" content=\"SE FORM\u00d3 LA GOZADERA. Aqu\u00ed les presentamos\u00a0 la informaci\u00f3n detallada de nuestro 8vo congreso del 13 al 15 de noviembre de 2026, cualquier duda p\u00f3ngase en contacto con nosotros en el tel\u00e9fono 678 638 445 Viernes 13 de noviembre. &nbsp; \ud83c\udfe0Llegada y Check in en el hotel Liber Spa de Noja. El check in se [&hellip;]\" \/>\n<meta property=\"og:url\" content=\"https:\/\/lasalsadecuba.com\/eus\/informacionalocubano\/\" \/>\n<meta property=\"og:site_name\" content=\"La salsa de Cuba\" \/>\n<meta property=\"article:modified_time\" content=\"2025-11-20T13:12:57+00:00\" \/>\n<meta name=\"twitter:card\" content=\"summary_large_image\" \/>\n<meta name=\"twitter:label1\" content=\"Est. reading time\" \/>\n\t<meta name=\"twitter:data1\" content=\"4 minutua\" \/>\n<script type=\"application\/ld+json\" class=\"yoast-schema-graph\">{\"@context\":\"https:\\\/\\\/schema.org\",\"@graph\":[{\"@type\":\"WebPage\",\"@id\":\"https:\\\/\\\/lasalsadecuba.com\\\/informacionalocubano\\\/\",\"url\":\"https:\\\/\\\/lasalsadecuba.com\\\/informacionalocubano\\\/\",\"name\":\"informacionalocubano - La salsa de Cuba\",\"isPartOf\":{\"@id\":\"https:\\\/\\\/lasalsadecuba.com\\\/#website\"},\"datePublished\":\"2023-03-27T08:22:59+00:00\",\"dateModified\":\"2025-11-20T13:12:57+00:00\",\"breadcrumb\":{\"@id\":\"https:\\\/\\\/lasalsadecuba.com\\\/informacionalocubano\\\/#breadcrumb\"},\"inLanguage\":\"eu\",\"potentialAction\":[{\"@type\":\"ReadAction\",\"target\":[\"https:\\\/\\\/lasalsadecuba.com\\\/informacionalocubano\\\/\"]}]},{\"@type\":\"BreadcrumbList\",\"@id\":\"https:\\\/\\\/lasalsadecuba.com\\\/informacionalocubano\\\/#breadcrumb\",\"itemListElement\":[{\"@type\":\"ListItem\",\"position\":1,\"name\":\"Portada\",\"item\":\"https:\\\/\\\/lasalsadecuba.com\\\/\"},{\"@type\":\"ListItem\",\"position\":2,\"name\":\"informacionalocubano\"}]},{\"@type\":\"WebSite\",\"@id\":\"https:\\\/\\\/lasalsadecuba.com\\\/#website\",\"url\":\"https:\\\/\\\/lasalsadecuba.com\\\/\",\"name\":\"La salsa de Cuba\",\"description\":\"Ernesto Miari, La salsa de Cuba. La web que te trae la cuban\u00eda.\",\"publisher\":{\"@id\":\"https:\\\/\\\/lasalsadecuba.com\\\/#organization\"},\"potentialAction\":[{\"@type\":\"SearchAction\",\"target\":{\"@type\":\"EntryPoint\",\"urlTemplate\":\"https:\\\/\\\/lasalsadecuba.com\\\/?s={search_term_string}\"},\"query-input\":{\"@type\":\"PropertyValueSpecification\",\"valueRequired\":true,\"valueName\":\"search_term_string\"}}],\"inLanguage\":\"eu\"},{\"@type\":\"Organization\",\"@id\":\"https:\\\/\\\/lasalsadecuba.com\\\/#organization\",\"name\":\"La salsa de Cuba\",\"url\":\"https:\\\/\\\/lasalsadecuba.com\\\/\",\"logo\":{\"@type\":\"ImageObject\",\"inLanguage\":\"eu\",\"@id\":\"https:\\\/\\\/lasalsadecuba.com\\\/#\\\/schema\\\/logo\\\/image\\\/\",\"url\":\"https:\\\/\\\/lasalsadecuba.com\\\/wp-content\\\/uploads\\\/2022\\\/04\\\/logo.png\",\"contentUrl\":\"https:\\\/\\\/lasalsadecuba.com\\\/wp-content\\\/uploads\\\/2022\\\/04\\\/logo.png\",\"width\":960,\"height\":1088,\"caption\":\"La salsa de Cuba\"},\"image\":{\"@id\":\"https:\\\/\\\/lasalsadecuba.com\\\/#\\\/schema\\\/logo\\\/image\\\/\"}}]}<\/script>\n<!-- \/ Yoast SEO plugin. -->","yoast_head_json":{"title":"informacionalocubano - La salsa de Cuba","robots":{"index":"index","follow":"follow","max-snippet":"max-snippet:-1","max-image-preview":"max-image-preview:large","max-video-preview":"max-video-preview:-1"},"canonical":"https:\/\/lasalsadecuba.com\/eus\/informacionalocubano\/","og_locale":"en_US","og_type":"article","og_title":"informacionalocubano - La salsa de Cuba","og_description":"SE FORM\u00d3 LA GOZADERA. Aqu\u00ed les presentamos\u00a0 la informaci\u00f3n detallada de nuestro 8vo congreso del 13 al 15 de noviembre de 2026, cualquier duda p\u00f3ngase en contacto con nosotros en el tel\u00e9fono 678 638 445 Viernes 13 de noviembre. &nbsp; \ud83c\udfe0Llegada y Check in en el hotel Liber Spa de Noja. El check in se [&hellip;]","og_url":"https:\/\/lasalsadecuba.com\/eus\/informacionalocubano\/","og_site_name":"La salsa de Cuba","article_modified_time":"2025-11-20T13:12:57+00:00","twitter_card":"summary_large_image","twitter_misc":{"Est. reading time":"4 minutua"},"schema":{"@context":"https:\/\/schema.org","@graph":[{"@type":"WebPage","@id":"https:\/\/lasalsadecuba.com\/informacionalocubano\/","url":"https:\/\/lasalsadecuba.com\/informacionalocubano\/","name":"informacionalocubano - La salsa de Cuba","isPartOf":{"@id":"https:\/\/lasalsadecuba.com\/#website"},"datePublished":"2023-03-27T08:22:59+00:00","dateModified":"2025-11-20T13:12:57+00:00","breadcrumb":{"@id":"https:\/\/lasalsadecuba.com\/informacionalocubano\/#breadcrumb"},"inLanguage":"eu","potentialAction":[{"@type":"ReadAction","target":["https:\/\/lasalsadecuba.com\/informacionalocubano\/"]}]},{"@type":"BreadcrumbList","@id":"https:\/\/lasalsadecuba.com\/informacionalocubano\/#breadcrumb","itemListElement":[{"@type":"ListItem","position":1,"name":"Portada","item":"https:\/\/lasalsadecuba.com\/"},{"@type":"ListItem","position":2,"name":"informacionalocubano"}]},{"@type":"WebSite","@id":"https:\/\/lasalsadecuba.com\/#website","url":"https:\/\/lasalsadecuba.com\/","name":"La salsa de Cuba","description":"Ernesto Miari, La salsa de Cuba. La web que te trae la cuban\u00eda.","publisher":{"@id":"https:\/\/lasalsadecuba.com\/#organization"},"potentialAction":[{"@type":"SearchAction","target":{"@type":"EntryPoint","urlTemplate":"https:\/\/lasalsadecuba.com\/?s={search_term_string}"},"query-input":{"@type":"PropertyValueSpecification","valueRequired":true,"valueName":"search_term_string"}}],"inLanguage":"eu"},{"@type":"Organization","@id":"https:\/\/lasalsadecuba.com\/#organization","name":"La salsa de Cuba","url":"https:\/\/lasalsadecuba.com\/","logo":{"@type":"ImageObject","inLanguage":"eu","@id":"https:\/\/lasalsadecuba.com\/#\/schema\/logo\/image\/","url":"https:\/\/lasalsadecuba.com\/wp-content\/uploads\/2022\/04\/logo.png","contentUrl":"https:\/\/lasalsadecuba.com\/wp-content\/uploads\/2022\/04\/logo.png","width":960,"height":1088,"caption":"La salsa de Cuba"},"image":{"@id":"https:\/\/lasalsadecuba.com\/#\/schema\/logo\/image\/"}}]}},"_links":{"self":[{"href":"https:\/\/lasalsadecuba.com\/eus\/wp-json\/wp\/v2\/pages\/968","targetHints":{"allow":["GET"]}}],"collection":[{"href":"https:\/\/lasalsadecuba.com\/eus\/wp-json\/wp\/v2\/pages"}],"about":[{"href":"https:\/\/lasalsadecuba.com\/eus\/wp-json\/wp\/v2\/types\/page"}],"author":[{"embeddable":true,"href":"https:\/\/lasalsadecuba.com\/eus\/wp-json\/wp\/v2\/users\/1"}],"replies":[{"embeddable":true,"href":"https:\/\/lasalsadecuba.com\/eus\/wp-json\/wp\/v2\/comments?post=968"}],"version-history":[{"count":4,"href":"https:\/\/lasalsadecuba.com\/eus\/wp-json\/wp\/v2\/pages\/968\/revisions"}],"predecessor-version":[{"id":1490,"href":"https:\/\/lasalsadecuba.com\/eus\/wp-json\/wp\/v2\/pages\/968\/revisions\/1490"}],"wp:attachment":[{"href":"https:\/\/lasalsadecuba.com\/eus\/wp-json\/wp\/v2\/media?parent=968"}],"curies":[{"name":"wp","href":"https:\/\/api.w.org\/{rel}","templated":true}]}}